{"id":3,"date":"2025-08-02T21:20:31","date_gmt":"2025-08-02T12:20:31","guid":{"rendered":"http:\/\/hocthem.nichietsu.asia\/?page_id=3"},"modified":"2025-08-12T12:30:07","modified_gmt":"2025-08-12T03:30:07","slug":"privacy-policy","status":"publish","type":"page","link":"https:\/\/hocthem.nichietsu.asia\/en\/privacy-policy","title":{"rendered":"Ch\u00ednh s\u00e1ch b\u1ea3o m\u1eadt"},"content":{"rendered":"\n<h2 class=\"wp-block-heading\">V\u1ec1 ch\u00fang t\u00f4i<\/h2>\n\n\n\n<p>URL c\u1ee7a trang web ch\u00fang t\u00f4i l\u00e0 http:\/\/hocthem.nichietsu.asia<\/p>\n\n\n\n<h2 class=\"wp-block-heading\">B\u00ecnh lu\u1eadn<\/h2>\n\n\n\n<p>Khi kh\u00e1ch truy c\u1eadp \u0111\u1ec3 l\u1ea1i b\u00ecnh lu\u1eadn tr\u00ean trang web, ch\u00fang t\u00f4i thu th\u1eadp d\u1eef li\u1ec7u \u0111\u01b0\u1ee3c hi\u1ec3n th\u1ecb trong bi\u1ec3u m\u1eabu b\u00ecnh lu\u1eadn, \u0111\u1ecba ch\u1ec9 IP c\u1ee7a kh\u00e1ch truy c\u1eadp v\u00e0 chu\u1ed7i user agent c\u1ee7a tr\u00ecnh duy\u1ec7t \u0111\u1ec3 h\u1ed7 tr\u1ee3 ph\u00e1t hi\u1ec7n spam.<\/p>\n\n\n\n<p>M\u1ed9t chu\u1ed7i \u1ea9n danh (c\u00f2n g\u1ecdi l\u00e0 &#8220;hash&#8221;) \u0111\u01b0\u1ee3c t\u1ea1o t\u1eeb \u0111\u1ecba ch\u1ec9 email c\u1ee7a b\u1ea1n c\u00f3 th\u1ec3 \u0111\u01b0\u1ee3c cung c\u1ea5p cho d\u1ecbch v\u1ee5 Gravatar \u0111\u1ec3 xem b\u1ea1n c\u00f3 \u0111ang s\u1eed d\u1ee5ng d\u1ecbch v\u1ee5 n\u00e0y kh\u00f4ng. Ch\u00ednh s\u00e1ch quy\u1ec1n ri\u00eang t\u01b0 c\u1ee7a d\u1ecbch v\u1ee5 Gravatar c\u00f3 th\u1ec3 \u0111\u01b0\u1ee3c t\u00ecm th\u1ea5y t\u1ea1i \u0111\u00e2y: <a target=\"_blank\" rel=\"noreferrer noopener\" href=\"https:\/\/automattic.com\/privacy\/\">https:\/\/automattic.com\/privacy\/<\/a>. Sau khi b\u00ecnh lu\u1eadn c\u1ee7a b\u1ea1n \u0111\u01b0\u1ee3c ch\u1ea5p thu\u1eadn, \u1ea3nh h\u1ed3 s\u01a1 c\u1ee7a b\u1ea1n s\u1ebd hi\u1ec3n th\u1ecb c\u00f4ng khai c\u00f9ng v\u1edbi b\u00ecnh lu\u1eadn \u0111\u00f3.<\/p>\n\n\n\n<h2 class=\"wp-block-heading\">Media<\/h2>\n\n\n\n<p>Khi b\u1ea1n t\u1ea3i h\u00ecnh \u1ea3nh l\u00ean trang web, b\u1ea1n kh\u00f4ng n\u00ean t\u1ea3i l\u00ean nh\u1eefng h\u00ecnh \u1ea3nh c\u00f3 d\u1eef li\u1ec7u v\u1ecb tr\u00ed \u0111\u01b0\u1ee3c nh\u00fang (EXIF GPS). Kh\u00e1ch truy c\u1eadp v\u00e0o trang web c\u00f3 th\u1ec3 t\u1ea3i xu\u1ed1ng v\u00e0 tr\u00edch xu\u1ea5t d\u1eef li\u1ec7u v\u1ecb tr\u00ed t\u1eeb h\u00ecnh \u1ea3nh tr\u00ean trang.<\/p>\n\n\n\n<h2 class=\"wp-block-heading\">Cookie<\/h2>\n\n\n\n<p>Khi b\u1ea1n \u0111\u1ec3 l\u1ea1i b\u00ecnh lu\u1eadn tr\u00ean trang, b\u1ea1n c\u00f3 th\u1ec3 ch\u1ecdn l\u01b0u t\u00ean, \u0111\u1ecba ch\u1ec9 email v\u00e0 trang web c\u1ee7a m\u00ecnh trong cookie. \u0110i\u1ec1u n\u00e0y nh\u1eb1m gi\u00fap b\u1ea1n thu\u1eadn ti\u1ec7n h\u01a1n, b\u1ea1n s\u1ebd kh\u00f4ng c\u1ea7n ph\u1ea3i nh\u1eadp l\u1ea1i th\u00f4ng tin chi ti\u1ebft khi \u0111\u1ec3 l\u1ea1i m\u1ed9t b\u00ecnh lu\u1eadn kh\u00e1c. Cookie n\u00e0y s\u1ebd \u0111\u01b0\u1ee3c l\u01b0u gi\u1eef trong m\u1ed9t n\u0103m.<\/p>\n\n\n\n<p>Khi b\u1ea1n truy c\u1eadp trang \u0111\u0103ng nh\u1eadp, ch\u00fang t\u00f4i s\u1ebd thi\u1ebft l\u1eadp m\u1ed9t cookie t\u1ea1m th\u1eddi \u0111\u1ec3 x\u00e1c \u0111\u1ecbnh xem tr\u00ecnh duy\u1ec7t c\u1ee7a b\u1ea1n c\u00f3 ch\u1ea5p nh\u1eadn cookie hay kh\u00f4ng. Cookie n\u00e0y kh\u00f4ng ch\u1ee9a d\u1eef li\u1ec7u c\u00e1 nh\u00e2n v\u00e0 s\u1ebd b\u1ecb lo\u1ea1i b\u1ecf khi b\u1ea1n \u0111\u00f3ng tr\u00ecnh duy\u1ec7t.<\/p>\n\n\n\n<p>Khi b\u1ea1n \u0111\u0103ng nh\u1eadp, ch\u00fang t\u00f4i c\u0169ng s\u1ebd thi\u1ebft l\u1eadp m\u1ed9t s\u1ed1 cookie \u0111\u1ec3 l\u01b0u th\u00f4ng tin \u0111\u0103ng nh\u1eadp v\u00e0 t\u00f9y ch\u1ecdn hi\u1ec3n th\u1ecb tr\u00ean m\u00e0n h\u00ecnh c\u1ee7a b\u1ea1n. Cookie \u0111\u0103ng nh\u1eadp s\u1ebd c\u00f3 hi\u1ec7u l\u1ef1c trong hai ng\u00e0y, c\u00f2n cookie t\u00f9y ch\u1ecdn hi\u1ec3n th\u1ecb s\u1ebd c\u00f3 hi\u1ec7u l\u1ef1c trong m\u1ed9t n\u0103m. N\u1ebfu b\u1ea1n ch\u1ecdn t\u00f9y ch\u1ecdn &#8220;Ghi nh\u1edb \u0111\u0103ng nh\u1eadp&#8221;, th\u00f4ng tin \u0111\u0103ng nh\u1eadp c\u1ee7a b\u1ea1n s\u1ebd \u0111\u01b0\u1ee3c l\u01b0u gi\u1eef trong hai tu\u1ea7n. Khi b\u1ea1n \u0111\u0103ng xu\u1ea5t, c\u00e1c cookie \u0111\u0103ng nh\u1eadp s\u1ebd b\u1ecb x\u00f3a.<\/p>\n\n\n\n<p>N\u1ebfu b\u1ea1n ch\u1ec9nh s\u1eeda ho\u1eb7c xu\u1ea5t b\u1ea3n m\u1ed9t b\u00e0i vi\u1ebft, m\u1ed9t cookie b\u1ed5 sung s\u1ebd \u0111\u01b0\u1ee3c l\u01b0u trong tr\u00ecnh duy\u1ec7t c\u1ee7a b\u1ea1n. Cookie n\u00e0y kh\u00f4ng ch\u1ee9a d\u1eef li\u1ec7u c\u00e1 nh\u00e2n m\u00e0 ch\u1ec9 \u0111\u01a1n gi\u1ea3n cho bi\u1ebft ID c\u1ee7a b\u00e0i vi\u1ebft m\u00e0 b\u1ea1n v\u1eeba ch\u1ec9nh s\u1eeda. Cookie n\u00e0y s\u1ebd h\u1ebft h\u1ea1n sau m\u1ed9t ng\u00e0y.<\/p>\n\n\n\n<h2 class=\"wp-block-heading\">N\u1ed9i dung nh\u00fang t\u1eeb c\u00e1c trang web kh\u00e1c<\/h2>\n\n\n\n<p>C\u00e1c b\u00e0i vi\u1ebft tr\u00ean trang web n\u00e0y c\u00f3 th\u1ec3 ch\u1ee9a n\u1ed9i dung nh\u00fang (v\u00ed d\u1ee5: video, h\u00ecnh \u1ea3nh, b\u00e0i vi\u1ebft, v.v.). N\u1ed9i dung nh\u00fang t\u1eeb c\u00e1c trang web kh\u00e1c ho\u1ea1t \u0111\u1ed9ng theo c\u00e1ch t\u01b0\u01a1ng t\u1ef1 nh\u01b0 khi kh\u00e1ch truy c\u1eadp tr\u1ef1c ti\u1ebfp v\u00e0o c\u00e1c trang web \u0111\u00f3.<\/p>\n\n\n\n<p>Nh\u1eefng trang web n\u00e0y c\u00f3 th\u1ec3 thu th\u1eadp d\u1eef li\u1ec7u v\u1ec1 b\u1ea1n, s\u1eed d\u1ee5ng cookie, nh\u00fang c\u00e1c c\u00f4ng c\u1ee5 theo d\u00f5i b\u1ed5 sung c\u1ee7a b\u00ean th\u1ee9 ba, v\u00e0 gi\u00e1m s\u00e1t t\u01b0\u01a1ng t\u00e1c c\u1ee7a b\u1ea1n v\u1edbi n\u1ed9i dung nh\u00fang \u0111\u00f3, bao g\u1ed3m c\u1ea3 vi\u1ec7c theo d\u00f5i t\u01b0\u01a1ng t\u00e1c c\u1ee7a b\u1ea1n n\u1ebfu b\u1ea1n c\u00f3 t\u00e0i kho\u1ea3n v\u00e0 \u0111\u00e3 \u0111\u0103ng nh\u1eadp v\u00e0o trang web \u0111\u00f3.<\/p>\n\n\n\n<h2 class=\"wp-block-heading\">Ai l\u00e0 ng\u01b0\u1eddi ch\u00fang t\u00f4i chia s\u1ebb d\u1eef li\u1ec7u c\u1ee7a b\u1ea1n<\/h2>\n\n\n\n<p>N\u1ebfu b\u1ea1n y\u00eau c\u1ea7u \u0111\u1eb7t l\u1ea1i m\u1eadt kh\u1ea9u, \u0111\u1ecba ch\u1ec9 IP c\u1ee7a b\u1ea1n s\u1ebd \u0111\u01b0\u1ee3c bao g\u1ed3m trong email \u0111\u1eb7t l\u1ea1i.<\/p>\n\n\n\n<h2 class=\"wp-block-heading\">Th\u1eddi gian ch\u00fang t\u00f4i l\u01b0u gi\u1eef d\u1eef li\u1ec7u c\u1ee7a b\u1ea1n<\/h2>\n\n\n\n<p>N\u1ebfu b\u1ea1n \u0111\u1ec3 l\u1ea1i b\u00ecnh lu\u1eadn, b\u00ecnh lu\u1eadn v\u00e0 d\u1eef li\u1ec7u metadata c\u1ee7a n\u00f3 s\u1ebd \u0111\u01b0\u1ee3c l\u01b0u gi\u1eef v\u00f4 th\u1eddi h\u1ea1n. \u0110i\u1ec1u n\u00e0y gi\u00fap ch\u00fang t\u00f4i c\u00f3 th\u1ec3 t\u1ef1 \u0111\u1ed9ng nh\u1eadn ra v\u00e0 ch\u1ea5p thu\u1eadn c\u00e1c b\u00ecnh lu\u1eadn ti\u1ebfp theo thay v\u00ec gi\u1eef ch\u00fang trong h\u00e0ng \u0111\u1ee3i ki\u1ec3m duy\u1ec7t.<\/p>\n\n\n\n<p>\u0110\u1ed1i v\u1edbi ng\u01b0\u1eddi d\u00f9ng \u0111\u00e3 \u0111\u0103ng k\u00fd tr\u00ean trang web n\u00e0y (n\u1ebfu c\u00f3), ch\u00fang t\u00f4i c\u0169ng l\u01b0u tr\u1eef th\u00f4ng tin c\u00e1 nh\u00e2n m\u00e0 h\u1ecd cung c\u1ea5p trong h\u1ed3 s\u01a1 ng\u01b0\u1eddi d\u00f9ng c\u1ee7a h\u1ecd. T\u1ea5t c\u1ea3 ng\u01b0\u1eddi d\u00f9ng \u0111\u1ec1u c\u00f3 th\u1ec3 xem, ch\u1ec9nh s\u1eeda ho\u1eb7c x\u00f3a th\u00f4ng tin c\u00e1 nh\u00e2n c\u1ee7a h\u1ecd b\u1ea5t k\u1ef3 l\u00fac<sup><\/sup> n\u00e0o (ngo\u1ea1i tr\u1eeb vi\u1ec7c h\u1ecd kh\u00f4ng th\u1ec3 thay \u0111\u1ed5i t\u00ean ng\u01b0\u1eddi d\u00f9ng c\u1ee7a m\u00ecnh). Qu\u1ea3n tr\u1ecb vi\u00ean trang web c\u0169ng c\u00f3 th\u1ec3 xem v\u00e0 ch\u1ec9nh s\u1eeda nh\u1eefng th\u00f4ng tin \u0111\u00f3.<\/p>\n\n\n\n<h2 class=\"wp-block-heading\">Quy\u1ec1n c\u1ee7a b\u1ea1n \u0111\u1ed1i v\u1edbi d\u1eef li\u1ec7u c\u1ee7a m\u00ecnh<\/h2>\n\n\n\n<p>N\u1ebfu b\u1ea1n c\u00f3 m\u1ed9t t\u00e0i kho\u1ea3n tr\u00ean trang web n\u00e0y ho\u1eb7c \u0111\u00e3 \u0111\u1ec3 l\u1ea1i b\u00ecnh lu\u1eadn, b\u1ea1n c\u00f3 th\u1ec3 y\u00eau c\u1ea7u nh\u1eadn m\u1ed9t t\u1ec7p xu\u1ea5t kh\u1ea9u c\u00e1c d\u1eef li\u1ec7u c\u00e1 nh\u00e2n m\u00e0 ch\u00fang t\u00f4i l\u01b0u gi\u1eef v\u1ec1 b\u1ea1n, bao g\u1ed3m t\u1ea5t c\u1ea3 d\u1eef li\u1ec7u b\u1ea1n \u0111\u00e3 cung c\u1ea5p. B\u1ea1n c\u0169ng c\u00f3 th\u1ec3 y\u00eau c\u1ea7u ch\u00fang t\u00f4i x\u00f3a b\u1ea5t k\u1ef3 d\u1eef li\u1ec7u c\u00e1 nh\u00e2n n\u00e0o v\u1ec1 b\u1ea1n. \u0110i\u1ec1u n\u00e0y kh\u00f4ng bao g\u1ed3m b\u1ea5t k\u1ef3 d\u1eef li\u1ec7u n\u00e0o m\u00e0 ch\u00fang t\u00f4i c\u00f3 ngh\u0129a v\u1ee5 gi\u1eef l\u1ea1i v\u00ec m\u1ee5c \u0111\u00edch h\u00e0nh ch\u00ednh, ph\u00e1p l\u00fd ho\u1eb7c b\u1ea3o m\u1eadt.<\/p>\n\n\n\n<h2 class=\"wp-block-heading\">D\u1eef li\u1ec7u c\u1ee7a b\u1ea1n \u0111\u01b0\u1ee3c g\u1eedi \u0111i \u0111\u00e2u<\/h2>\n\n\n\n<p>B\u00ecnh lu\u1eadn c\u1ee7a kh\u00e1ch truy c\u1eadp c\u00f3 th\u1ec3 \u0111\u01b0\u1ee3c ki\u1ec3m tra th\u00f4ng qua m\u1ed9t d\u1ecbch v\u1ee5 ph\u00e1t hi\u1ec7n spam t\u1ef1 \u0111\u1ed9ng.<\/p>\n","protected":false},"excerpt":{"rendered":"V\u1ec1 ch\u00fang t\u00f4i URL c\u1ee7a trang web ch\u00fang t\u00f4i l\u00e0 http:\/\/hocthem.nichietsu.asia B\u00ecnh lu\u1eadn Khi kh\u00e1ch truy c\u1eadp \u0111\u1ec3 l\u1ea1i  [&hellip;]","protected":false},"author":1,"featured_media":0,"parent":0,"menu_order":0,"comment_status":"closed","ping_status":"open","template":"","meta":{"footnotes":""},"class_list":["post-3","page","type-page","status-publish","hentry"],"_links":{"self":[{"href":"https:\/\/hocthem.nichietsu.asia\/en\/wp-json\/wp\/v2\/pages\/3","targetHints":{"allow":["GET"]}}],"collection":[{"href":"https:\/\/hocthem.nichietsu.asia\/en\/wp-json\/wp\/v2\/pages"}],"about":[{"href":"https:\/\/hocthem.nichietsu.asia\/en\/wp-json\/wp\/v2\/types\/page"}],"author":[{"embeddable":true,"href":"https:\/\/hocthem.nichietsu.asia\/en\/wp-json\/wp\/v2\/users\/1"}],"replies":[{"embeddable":true,"href":"https:\/\/hocthem.nichietsu.asia\/en\/wp-json\/wp\/v2\/comments?post=3"}],"version-history":[{"count":1,"href":"https:\/\/hocthem.nichietsu.asia\/en\/wp-json\/wp\/v2\/pages\/3\/revisions"}],"predecessor-version":[{"id":82,"href":"https:\/\/hocthem.nichietsu.asia\/en\/wp-json\/wp\/v2\/pages\/3\/revisions\/82"}],"wp:attachment":[{"href":"https:\/\/hocthem.nichietsu.asia\/en\/wp-json\/wp\/v2\/media?parent=3"}],"curies":[{"name":"wp","href":"https:\/\/api.w.org\/{rel}","templated":true}]}}